{"id":18299,"date":"2025-01-09T19:38:23","date_gmt":"2025-01-10T01:38:23","guid":{"rendered":"https:\/\/elpaso.wiretechmx.com\/?page_id=18299"},"modified":"2025-08-08T11:05:04","modified_gmt":"2025-08-08T17:05:04","slug":"hoteles2025","status":"publish","type":"page","link":"https:\/\/elpaso.wiretechmx.com\/en\/hoteles2025\/","title":{"rendered":"Hoteles2025"},"content":{"rendered":"<div data-elementor-type=\"wp-page\" data-elementor-id=\"18299\" class=\"elementor elementor-18299\" data-elementor-settings=\"{&quot;element_pack_global_tooltip_width&quot;:{&quot;unit&quot;:&quot;px&quot;,&quot;size&quot;:&quot;&quot;,&quot;sizes&quot;:[]},&quot;element_pack_global_tooltip_width_tablet&quot;:{&quot;unit&quot;:&quot;px&quot;,&quot;size&quot;:&quot;&quot;,&quot;sizes&quot;:[]},&quot;element_pack_global_tooltip_width_mobile&quot;:{&quot;unit&quot;:&quot;px&quot;,&quot;size&quot;:&quot;&quot;,&quot;sizes&quot;:[]},&quot;element_pack_global_tooltip_padding&quot;:{&quot;unit&quot;:&quot;px&quot;,&quot;top&quot;:&quot;&quot;,&quot;right&quot;:&quot;&quot;,&quot;bottom&quot;:&quot;&quot;,&quot;left&quot;:&quot;&quot;,&quot;isLinked&quot;:true},&quot;element_pack_global_tooltip_padding_tablet&quot;:{&quot;unit&quot;:&quot;px&quot;,&quot;top&quot;:&quot;&quot;,&quot;right&quot;:&quot;&quot;,&quot;bottom&quot;:&quot;&quot;,&quot;left&quot;:&quot;&quot;,&quot;isLinked&quot;:true},&quot;element_pack_global_tooltip_padding_mobile&quot;:{&quot;unit&quot;:&quot;px&quot;,&quot;top&quot;:&quot;&quot;,&quot;right&quot;:&quot;&quot;,&quot;bottom&quot;:&quot;&quot;,&quot;left&quot;:&quot;&quot;,&quot;isLinked&quot;:true},&quot;element_pack_global_tooltip_border_radius&quot;:{&quot;unit&quot;:&quot;px&quot;,&quot;top&quot;:&quot;&quot;,&quot;right&quot;:&quot;&quot;,&quot;bottom&quot;:&quot;&quot;,&quot;left&quot;:&quot;&quot;,&quot;isLinked&quot;:true},&quot;element_pack_global_tooltip_border_radius_tablet&quot;:{&quot;unit&quot;:&quot;px&quot;,&quot;top&quot;:&quot;&quot;,&quot;right&quot;:&quot;&quot;,&quot;bottom&quot;:&quot;&quot;,&quot;left&quot;:&quot;&quot;,&quot;isLinked&quot;:true},&quot;element_pack_global_tooltip_border_radius_mobile&quot;:{&quot;unit&quot;:&quot;px&quot;,&quot;top&quot;:&quot;&quot;,&quot;right&quot;:&quot;&quot;,&quot;bottom&quot;:&quot;&quot;,&quot;left&quot;:&quot;&quot;,&quot;isLinked&quot;:true}}\">\n\t\t\t\t\t\t<section class=\"elementor-section elementor-top-section elementor-element elementor-element-9a07410 elementor-section-height-min-height elementor-section-boxed elementor-section-height-default elementor-section-items-middle\" data-id=\"9a07410\" data-element_type=\"section\" data-settings=\"{&quot;background_background&quot;:&quot;classic&quot;}\">\n\t\t\t\t\t\t\t<div class=\"elementor-background-overlay\"><\/div>\n\t\t\t\t\t\t\t<div class=\"elementor-container elementor-column-gap-default\">\n\t\t\t\t\t<div class=\"elementor-column elementor-col-100 elementor-top-column elementor-element elementor-element-553976f\" data-id=\"553976f\" data-element_type=\"column\">\n\t\t\t<div class=\"elementor-widget-wrap elementor-element-populated\">\n\t\t\t\t\t\t<div class=\"elementor-element elementor-element-3501023 elementor-widget elementor-widget-heading\" data-id=\"3501023\" data-element_type=\"widget\" data-widget_type=\"heading.default\">\n\t\t\t\t<div class=\"elementor-widget-container\">\n\t\t\t\t\t<h2 class=\"elementor-heading-title elementor-size-default\">Hotels in El Paso, TX.<\/h2>\t\t\t\t<\/div>\n\t\t\t\t<\/div>\n\t\t\t\t\t<\/div>\n\t\t<\/div>\n\t\t\t\t\t<\/div>\n\t\t<\/section>\n\t\t<div class=\"elementor-element elementor-element-1391cec e-flex e-con-boxed e-con e-parent\" data-id=\"1391cec\" data-element_type=\"container\">\n\t\t\t\t\t<div class=\"e-con-inner\">\n\t\t<div class=\"elementor-element elementor-element-94ebced e-con-full e-flex e-con e-child\" data-id=\"94ebced\" data-element_type=\"container\">\n\t\t\t\t<div class=\"elementor-element elementor-element-f5c0597 elementor-widget elementor-widget-image\" data-id=\"f5c0597\" data-element_type=\"widget\" data-widget_type=\"image.default\">\n\t\t\t\t<div class=\"elementor-widget-container\">\n\t\t\t\t\t\t\t\t\t\t\t\t\t\t\t\t<a href=\"https:\/\/elpaso.wiretechmx.com\/en\/the-plaza-hotel\/\" target=\"_blank\">\n\t\t\t\t\t\t\t<img fetchpriority=\"high\" decoding=\"async\" width=\"640\" height=\"336\" src=\"https:\/\/elpaso.wiretechmx.com\/wp-content\/uploads\/2025\/05\/plaza-1024x538.jpg\" class=\"attachment-large size-large wp-image-18502\" alt=\"\" srcset=\"https:\/\/elpaso.wiretechmx.com\/wp-content\/uploads\/2025\/05\/plaza-1024x538.jpg 1024w, https:\/\/elpaso.wiretechmx.com\/wp-content\/uploads\/2025\/05\/plaza-300x158.jpg 300w, https:\/\/elpaso.wiretechmx.com\/wp-content\/uploads\/2025\/05\/plaza-768x403.jpg 768w, https:\/\/elpaso.wiretechmx.com\/wp-content\/uploads\/2025\/05\/plaza-18x9.jpg 18w, https:\/\/elpaso.wiretechmx.com\/wp-content\/uploads\/2025\/05\/plaza.jpg 1200w\" sizes=\"(max-width: 640px) 100vw, 640px\" \/>\t\t\t\t\t\t\t\t<\/a>\n\t\t\t\t\t\t\t\t\t\t\t\t\t\t\t<\/div>\n\t\t\t\t<\/div>\n\t\t\t\t<\/div>\n\t\t<div class=\"elementor-element elementor-element-6024991 e-con-full e-flex e-con e-child\" data-id=\"6024991\" data-element_type=\"container\">\n\t\t\t\t<div class=\"elementor-element elementor-element-0afccac elementor-widget elementor-widget-heading\" data-id=\"0afccac\" data-element_type=\"widget\" data-widget_type=\"heading.default\">\n\t\t\t\t<div class=\"elementor-widget-container\">\n\t\t\t\t\t<h3 class=\"elementor-heading-title elementor-size-default\">The Plaza Hotel<\/h3>\t\t\t\t<\/div>\n\t\t\t\t<\/div>\n\t\t\t\t<div class=\"elementor-element elementor-element-9ab4fe0 elementor-widget elementor-widget-button\" data-id=\"9ab4fe0\" data-element_type=\"widget\" data-widget_type=\"button.default\">\n\t\t\t\t<div class=\"elementor-widget-container\">\n\t\t\t\t\t\t\t\t\t<div class=\"elementor-button-wrapper\">\n\t\t\t\t\t<a class=\"elementor-button elementor-button-link elementor-size-sm\" href=\"https:\/\/elpaso.wiretechmx.com\/en\/the-plaza-hotel\/\" target=\"_blank\">\n\t\t\t\t\t\t<span class=\"elementor-button-content-wrapper\">\n\t\t\t\t\t\t\t\t\t<span class=\"elementor-button-text\">More Information<\/span>\n\t\t\t\t\t<\/span>\n\t\t\t\t\t<\/a>\n\t\t\t\t<\/div>\n\t\t\t\t\t\t\t\t<\/div>\n\t\t\t\t<\/div>\n\t\t\t\t<\/div>\n\t\t\t\t\t<\/div>\n\t\t\t\t<\/div>\n\t\t<div class=\"elementor-element elementor-element-47e7bd5 e-flex e-con-boxed e-con e-parent\" data-id=\"47e7bd5\" data-element_type=\"container\">\n\t\t\t\t\t<div class=\"e-con-inner\">\n\t\t<div class=\"elementor-element elementor-element-69b1978 e-con-full e-flex e-con e-child\" data-id=\"69b1978\" data-element_type=\"container\">\n\t\t\t\t<div class=\"elementor-element elementor-element-b1a2c3f elementor-widget elementor-widget-image\" data-id=\"b1a2c3f\" data-element_type=\"widget\" data-widget_type=\"image.default\">\n\t\t\t\t<div class=\"elementor-widget-container\">\n\t\t\t\t\t\t\t\t\t\t\t\t\t\t\t\t<a href=\"https:\/\/elpaso.wiretechmx.com\/en\/hotel-paso-del-norte\/\" target=\"_blank\">\n\t\t\t\t\t\t\t<img decoding=\"async\" width=\"640\" height=\"427\" src=\"https:\/\/elpaso.wiretechmx.com\/wp-content\/uploads\/2025\/05\/hpn.jpg\" class=\"attachment-large size-large wp-image-18498\" alt=\"\" srcset=\"https:\/\/elpaso.wiretechmx.com\/wp-content\/uploads\/2025\/05\/hpn.jpg 1024w, https:\/\/elpaso.wiretechmx.com\/wp-content\/uploads\/2025\/05\/hpn-300x200.jpg 300w, https:\/\/elpaso.wiretechmx.com\/wp-content\/uploads\/2025\/05\/hpn-768x512.jpg 768w, https:\/\/elpaso.wiretechmx.com\/wp-content\/uploads\/2025\/05\/hpn-18x12.jpg 18w\" sizes=\"(max-width: 640px) 100vw, 640px\" \/>\t\t\t\t\t\t\t\t<\/a>\n\t\t\t\t\t\t\t\t\t\t\t\t\t\t\t<\/div>\n\t\t\t\t<\/div>\n\t\t\t\t<\/div>\n\t\t<div class=\"elementor-element elementor-element-04e1d89 e-con-full e-flex e-con e-child\" data-id=\"04e1d89\" data-element_type=\"container\">\n\t\t\t\t<div class=\"elementor-element elementor-element-54838d2 elementor-widget elementor-widget-heading\" data-id=\"54838d2\" data-element_type=\"widget\" data-widget_type=\"heading.default\">\n\t\t\t\t<div class=\"elementor-widget-container\">\n\t\t\t\t\t<h3 class=\"elementor-heading-title elementor-size-default\">Paso del Norte Hotel<\/h3>\t\t\t\t<\/div>\n\t\t\t\t<\/div>\n\t\t\t\t<div class=\"elementor-element elementor-element-fadc307 elementor-widget elementor-widget-button\" data-id=\"fadc307\" data-element_type=\"widget\" data-widget_type=\"button.default\">\n\t\t\t\t<div class=\"elementor-widget-container\">\n\t\t\t\t\t\t\t\t\t<div class=\"elementor-button-wrapper\">\n\t\t\t\t\t<a class=\"elementor-button elementor-button-link elementor-size-sm\" href=\"https:\/\/elpaso.wiretechmx.com\/en\/hotel-paso-del-norte\/\" target=\"_blank\">\n\t\t\t\t\t\t<span class=\"elementor-button-content-wrapper\">\n\t\t\t\t\t\t\t\t\t<span class=\"elementor-button-text\">More Information<\/span>\n\t\t\t\t\t<\/span>\n\t\t\t\t\t<\/a>\n\t\t\t\t<\/div>\n\t\t\t\t\t\t\t\t<\/div>\n\t\t\t\t<\/div>\n\t\t\t\t<\/div>\n\t\t\t\t\t<\/div>\n\t\t\t\t<\/div>\n\t\t<div class=\"elementor-element elementor-element-937e0b7 e-flex e-con-boxed e-con e-parent\" data-id=\"937e0b7\" data-element_type=\"container\">\n\t\t\t\t\t<div class=\"e-con-inner\">\n\t\t<div class=\"elementor-element elementor-element-b1fa931 e-con-full e-flex e-con e-child\" data-id=\"b1fa931\" data-element_type=\"container\">\n\t\t\t\t<div class=\"elementor-element elementor-element-48d37e4 elementor-widget elementor-widget-image\" data-id=\"48d37e4\" data-element_type=\"widget\" data-widget_type=\"image.default\">\n\t\t\t\t<div class=\"elementor-widget-container\">\n\t\t\t\t\t\t\t\t\t\t\t\t\t\t\t\t<a href=\"https:\/\/elpaso.wiretechmx.com\/en\/courtyard\/\" target=\"_blank\">\n\t\t\t\t\t\t\t<img decoding=\"async\" width=\"640\" height=\"356\" src=\"https:\/\/elpaso.wiretechmx.com\/wp-content\/uploads\/2025\/05\/Courtyard-El-Paso-Downtown.jpg\" class=\"attachment-large size-large wp-image-18494\" alt=\"\" srcset=\"https:\/\/elpaso.wiretechmx.com\/wp-content\/uploads\/2025\/05\/Courtyard-El-Paso-Downtown.jpg 900w, https:\/\/elpaso.wiretechmx.com\/wp-content\/uploads\/2025\/05\/Courtyard-El-Paso-Downtown-300x167.jpg 300w, https:\/\/elpaso.wiretechmx.com\/wp-content\/uploads\/2025\/05\/Courtyard-El-Paso-Downtown-768x427.jpg 768w, https:\/\/elpaso.wiretechmx.com\/wp-content\/uploads\/2025\/05\/Courtyard-El-Paso-Downtown-18x10.jpg 18w\" sizes=\"(max-width: 640px) 100vw, 640px\" \/>\t\t\t\t\t\t\t\t<\/a>\n\t\t\t\t\t\t\t\t\t\t\t\t\t\t\t<\/div>\n\t\t\t\t<\/div>\n\t\t\t\t<\/div>\n\t\t<div class=\"elementor-element elementor-element-1d14fec e-con-full e-flex e-con e-child\" data-id=\"1d14fec\" data-element_type=\"container\">\n\t\t\t\t<div class=\"elementor-element elementor-element-efb2132 elementor-widget elementor-widget-heading\" data-id=\"efb2132\" data-element_type=\"widget\" data-widget_type=\"heading.default\">\n\t\t\t\t<div class=\"elementor-widget-container\">\n\t\t\t\t\t<h3 class=\"elementor-heading-title elementor-size-default\">Courtyard<\/h3>\t\t\t\t<\/div>\n\t\t\t\t<\/div>\n\t\t\t\t<div class=\"elementor-element elementor-element-6f9d505 elementor-widget elementor-widget-button\" data-id=\"6f9d505\" data-element_type=\"widget\" data-widget_type=\"button.default\">\n\t\t\t\t<div class=\"elementor-widget-container\">\n\t\t\t\t\t\t\t\t\t<div class=\"elementor-button-wrapper\">\n\t\t\t\t\t<a class=\"elementor-button elementor-button-link elementor-size-sm\" href=\"https:\/\/elpaso.wiretechmx.com\/en\/courtyard\/\" target=\"_blank\">\n\t\t\t\t\t\t<span class=\"elementor-button-content-wrapper\">\n\t\t\t\t\t\t\t\t\t<span class=\"elementor-button-text\">More Information<\/span>\n\t\t\t\t\t<\/span>\n\t\t\t\t\t<\/a>\n\t\t\t\t<\/div>\n\t\t\t\t\t\t\t\t<\/div>\n\t\t\t\t<\/div>\n\t\t\t\t<\/div>\n\t\t\t\t\t<\/div>\n\t\t\t\t<\/div>\n\t\t<div class=\"elementor-element elementor-element-a279cd7 e-flex e-con-boxed e-con e-parent\" data-id=\"a279cd7\" data-element_type=\"container\">\n\t\t\t\t\t<div class=\"e-con-inner\">\n\t\t<div class=\"elementor-element elementor-element-5ffd5f6 e-con-full e-flex e-con e-child\" data-id=\"5ffd5f6\" data-element_type=\"container\">\n\t\t\t\t<div class=\"elementor-element elementor-element-7d7759d elementor-widget elementor-widget-image\" data-id=\"7d7759d\" data-element_type=\"widget\" data-widget_type=\"image.default\">\n\t\t\t\t<div class=\"elementor-widget-container\">\n\t\t\t\t\t\t\t\t\t\t\t\t\t\t\t\t<a href=\"https:\/\/elpaso.wiretechmx.com\/en\/double-tree\/\" target=\"_blank\">\n\t\t\t\t\t\t\t<img loading=\"lazy\" decoding=\"async\" width=\"599\" height=\"447\" src=\"https:\/\/elpaso.wiretechmx.com\/wp-content\/uploads\/2025\/05\/dt.jpg\" class=\"attachment-large size-large wp-image-18486\" alt=\"\" srcset=\"https:\/\/elpaso.wiretechmx.com\/wp-content\/uploads\/2025\/05\/dt.jpg 599w, https:\/\/elpaso.wiretechmx.com\/wp-content\/uploads\/2025\/05\/dt-300x224.jpg 300w, https:\/\/elpaso.wiretechmx.com\/wp-content\/uploads\/2025\/05\/dt-16x12.jpg 16w\" sizes=\"(max-width: 599px) 100vw, 599px\" \/>\t\t\t\t\t\t\t\t<\/a>\n\t\t\t\t\t\t\t\t\t\t\t\t\t\t\t<\/div>\n\t\t\t\t<\/div>\n\t\t\t\t<\/div>\n\t\t<div class=\"elementor-element elementor-element-68d0b47 e-con-full e-flex e-con e-child\" data-id=\"68d0b47\" data-element_type=\"container\">\n\t\t\t\t<div class=\"elementor-element elementor-element-01772ef elementor-widget elementor-widget-heading\" data-id=\"01772ef\" data-element_type=\"widget\" data-widget_type=\"heading.default\">\n\t\t\t\t<div class=\"elementor-widget-container\">\n\t\t\t\t\t<h3 class=\"elementor-heading-title elementor-size-default\">Double Tree Hotel<\/h3>\t\t\t\t<\/div>\n\t\t\t\t<\/div>\n\t\t\t\t<div class=\"elementor-element elementor-element-544f524 elementor-widget elementor-widget-button\" data-id=\"544f524\" data-element_type=\"widget\" data-widget_type=\"button.default\">\n\t\t\t\t<div class=\"elementor-widget-container\">\n\t\t\t\t\t\t\t\t\t<div class=\"elementor-button-wrapper\">\n\t\t\t\t\t<a class=\"elementor-button elementor-button-link elementor-size-sm\" href=\"https:\/\/elpaso.wiretechmx.com\/en\/double-tree\/\" target=\"_blank\">\n\t\t\t\t\t\t<span class=\"elementor-button-content-wrapper\">\n\t\t\t\t\t\t\t\t\t<span class=\"elementor-button-text\">More Information<\/span>\n\t\t\t\t\t<\/span>\n\t\t\t\t\t<\/a>\n\t\t\t\t<\/div>\n\t\t\t\t\t\t\t\t<\/div>\n\t\t\t\t<\/div>\n\t\t\t\t<\/div>\n\t\t\t\t\t<\/div>\n\t\t\t\t<\/div>\n\t\t\t\t<\/div>","protected":false},"excerpt":{"rendered":"<p>Hoteles en El Paso, Tx. The Plaza Hotel M\u00e1s Informaci\u00f3n Paso del Norte Hotel M\u00e1s Informaci\u00f3n Courtyard M\u00e1s Informaci\u00f3n Double Tree Hotel M\u00e1s Informaci\u00f3n<\/p>","protected":false},"author":1,"featured_media":0,"parent":0,"menu_order":0,"comment_status":"closed","ping_status":"closed","template":"","meta":{"footnotes":""},"class_list":["post-18299","page","type-page","status-publish","hentry"],"_links":{"self":[{"href":"https:\/\/elpaso.wiretechmx.com\/en\/wp-json\/wp\/v2\/pages\/18299","targetHints":{"allow":["GET"]}}],"collection":[{"href":"https:\/\/elpaso.wiretechmx.com\/en\/wp-json\/wp\/v2\/pages"}],"about":[{"href":"https:\/\/elpaso.wiretechmx.com\/en\/wp-json\/wp\/v2\/types\/page"}],"author":[{"embeddable":true,"href":"https:\/\/elpaso.wiretechmx.com\/en\/wp-json\/wp\/v2\/users\/1"}],"replies":[{"embeddable":true,"href":"https:\/\/elpaso.wiretechmx.com\/en\/wp-json\/wp\/v2\/comments?post=18299"}],"version-history":[{"count":0,"href":"https:\/\/elpaso.wiretechmx.com\/en\/wp-json\/wp\/v2\/pages\/18299\/revisions"}],"wp:attachment":[{"href":"https:\/\/elpaso.wiretechmx.com\/en\/wp-json\/wp\/v2\/media?parent=18299"}],"curies":[{"name":"wp","href":"https:\/\/api.w.org\/{rel}","templated":true}]}}